{"id":4203,"date":"2025-02-13T13:26:32","date_gmt":"2025-02-13T12:26:32","guid":{"rendered":"https:\/\/www.sonim.de\/?page_id=4203"},"modified":"2025-08-07T09:28:31","modified_gmt":"2025-08-07T07:28:31","slug":"impressum","status":"publish","type":"page","link":"https:\/\/www.sonim.de\/en\/impressum\/","title":{"rendered":"Legal notice"},"content":{"rendered":"<p class=\"eplus-wrapper\"><strong>Presentec GmbH<\/strong><\/p>\n\n\n\n<p class=\"eplus-wrapper\">Grosse Elbstrasse 117<br>22767 Hamburg<\/p>\n\n\n\n<p class=\"eplus-wrapper\">phone: +49 (0)40 3006683 0<br>fax: +49 (0)40 3006683 29<\/p>\n\n\n\n<p class=\"eplus-wrapper\">e-mail <a href=\"mailto:in&#102;o&#64;&#112;r&#101;&#115;&#101;nt&#101;&#99;.&#100;e\" title=\"in&#102;o&#64;&#112;r&#101;&#115;&#101;nt&#101;&#99;.&#100;e\">in&#102;o&#64;&#112;r&#101;&#115;&#101;nt&#101;&#99;.&#100;e<\/a><\/p>\n\n\n\n<p class=\"eplus-wrapper\">HRB 81418, Hamburg<br>Managing Director: Heiko Th\u00f6lmann<br>St.Nr. DE02\/834\/05222<br>UstId DE220848639<\/p>\n\n\n\n<p class=\"eplus-wrapper\">Information on online dispute resolution: The EU Commission has created an Internet platform for the online settlement of disputes (so-called \"OS platform\"). The OS platform serves as a point of contact for the out-of-court settlement of disputes concerning contractual obligations arising from online sales contracts. The OS platform can be reached at the following link: <a href=\"http:\/\/ec.europa.eu\/consumers\/odr\" target=\"_blank\" rel=\"noreferrer noopener\">http:\/\/ec.europa.eu\/consumers\/odr<\/a>.<\/p>\n\n<div class=\"woocommerce woocommerce-gzd woocommerce-gzd-complaints-shortcode\">\n\t\t\t<h3>Alternative Dispute Resolution in accordance with Art. 14 (1) ODR-VO and \u00a7 36 VSBG:<\/h3>\n\t\nWe are prepared to participate in an out-of-court arbitration procedure.<\/div>","protected":false},"excerpt":{"rendered":"<p>Presentec GmbH Grosse Elbstrasse 11722767 Hamburg Tel.: +49 (0)40 3006683 0Fax: +49 (0)40 3006683 29 E-Mail: HRB 81418, HamburgGesch\u00e4ftsf\u00fchrer: Heiko Th\u00f6lmannSt.Nr. DE02\/834\/05222UstId DE220848639 Informationen zur Online-Streitbeilegung: Die EU-Kommission hat eine Internetplattform zur Online-Beilegung von Streitigkeiten (sog. \u201eOS-Plattform\u201c) geschaffen. Die OS-Plattform dient als Anlaufstelle zur au\u00dfergerichtlichen Beilegung von Streitigkeiten betreffend vertragliche Verpflichtungen, die aus Online-Kaufvertr\u00e4gen erwachsen. [&hellip;]<\/p>\n","protected":false},"author":3,"featured_media":0,"parent":0,"menu_order":0,"comment_status":"closed","ping_status":"closed","template":"","meta":{"ocean_post_layout":"","ocean_both_sidebars_style":"","ocean_both_sidebars_content_width":0,"ocean_both_sidebars_sidebars_width":0,"ocean_sidebar":"","ocean_second_sidebar":"","ocean_disable_margins":"enable","ocean_add_body_class":"","ocean_shortcode_before_top_bar":"","ocean_shortcode_after_top_bar":"","ocean_shortcode_before_header":"","ocean_shortcode_after_header":"","ocean_has_shortcode":"","ocean_shortcode_after_title":"","ocean_shortcode_before_footer_widgets":"","ocean_shortcode_after_footer_widgets":"","ocean_shortcode_before_footer_bottom":"","ocean_shortcode_after_footer_bottom":"","ocean_display_top_bar":"default","ocean_display_header":"default","ocean_header_style":"","ocean_center_header_left_menu":"","ocean_custom_header_template":"","ocean_custom_logo":0,"ocean_custom_retina_logo":0,"ocean_custom_logo_max_width":0,"ocean_custom_logo_tablet_max_width":0,"ocean_custom_logo_mobile_max_width":0,"ocean_custom_logo_max_height":0,"ocean_custom_logo_tablet_max_height":0,"ocean_custom_logo_mobile_max_height":0,"ocean_header_custom_menu":"","ocean_menu_typo_font_family":"","ocean_menu_typo_font_subset":"","ocean_menu_typo_font_size":0,"ocean_menu_typo_font_size_tablet":0,"ocean_menu_typo_font_size_mobile":0,"ocean_menu_typo_font_size_unit":"px","ocean_menu_typo_font_weight":"","ocean_menu_typo_font_weight_tablet":"","ocean_menu_typo_font_weight_mobile":"","ocean_menu_typo_transform":"","ocean_menu_typo_transform_tablet":"","ocean_menu_typo_transform_mobile":"","ocean_menu_typo_line_height":0,"ocean_menu_typo_line_height_tablet":0,"ocean_menu_typo_line_height_mobile":0,"ocean_menu_typo_line_height_unit":"","ocean_menu_typo_spacing":0,"ocean_menu_typo_spacing_tablet":0,"ocean_menu_typo_spacing_mobile":0,"ocean_menu_typo_spacing_unit":"","ocean_menu_link_color":"","ocean_menu_link_color_hover":"","ocean_menu_link_color_active":"","ocean_menu_link_background":"","ocean_menu_link_hover_background":"","ocean_menu_link_active_background":"","ocean_menu_social_links_bg":"","ocean_menu_social_hover_links_bg":"","ocean_menu_social_links_color":"","ocean_menu_social_hover_links_color":"","ocean_disable_title":"default","ocean_disable_heading":"default","ocean_post_title":"","ocean_post_subheading":"","ocean_post_title_style":"","ocean_post_title_background_color":"","ocean_post_title_background":0,"ocean_post_title_bg_image_position":"","ocean_post_title_bg_image_attachment":"","ocean_post_title_bg_image_repeat":"","ocean_post_title_bg_image_size":"","ocean_post_title_height":0,"ocean_post_title_bg_overlay":0.5,"ocean_post_title_bg_overlay_color":"","ocean_disable_breadcrumbs":"default","ocean_breadcrumbs_color":"","ocean_breadcrumbs_separator_color":"","ocean_breadcrumbs_links_color":"","ocean_breadcrumbs_links_hover_color":"","ocean_display_footer_widgets":"default","ocean_display_footer_bottom":"default","ocean_custom_footer_template":"","footnotes":""},"class_list":["post-4203","page","type-page","status-publish","hentry","entry","owp-thumbs-layout-horizontal","owp-btn-normal","owp-tabs-layout-horizontal","has-no-thumbnails"],"_links":{"self":[{"href":"https:\/\/www.sonim.de\/en\/wp-json\/wp\/v2\/pages\/4203","targetHints":{"allow":["GET"]}}],"collection":[{"href":"https:\/\/www.sonim.de\/en\/wp-json\/wp\/v2\/pages"}],"about":[{"href":"https:\/\/www.sonim.de\/en\/wp-json\/wp\/v2\/types\/page"}],"author":[{"embeddable":true,"href":"https:\/\/www.sonim.de\/en\/wp-json\/wp\/v2\/users\/3"}],"replies":[{"embeddable":true,"href":"https:\/\/www.sonim.de\/en\/wp-json\/wp\/v2\/comments?post=4203"}],"version-history":[{"count":3,"href":"https:\/\/www.sonim.de\/en\/wp-json\/wp\/v2\/pages\/4203\/revisions"}],"predecessor-version":[{"id":4359,"href":"https:\/\/www.sonim.de\/en\/wp-json\/wp\/v2\/pages\/4203\/revisions\/4359"}],"wp:attachment":[{"href":"https:\/\/www.sonim.de\/en\/wp-json\/wp\/v2\/media?parent=4203"}],"curies":[{"name":"wp","href":"https:\/\/api.w.org\/{rel}","templated":true}]}}