{"id":3952,"date":"2025-02-09T10:57:44","date_gmt":"2025-02-09T09:57:44","guid":{"rendered":"https:\/\/www.sonim.de\/?page_id=3952"},"modified":"2025-12-10T12:43:32","modified_gmt":"2025-12-10T11:43:32","slug":"phones04","status":"publish","type":"page","link":"https:\/\/www.sonim.de\/en\/","title":{"rendered":"Ultra-robuste Handys"},"content":{"rendered":"<section id=\"intro-image\" class=\"ocso-hero-image\"\n\t\t\tstyle=\"translate:none;rotate:none;scale:none;transform:translate(0px)\"> \n\t\t\t<img decoding=\"async\" src=\"https:\/\/www.sonim.de\/wp-content\/uploads\/2025\/02\/working-woman.webp\" style=\"object-position:50% 40%\">\n\t\t<\/section>\n\n\n\n<section id=\"intro-text\">\n\t\t\t<div class=\"ocso-overlap-box\">\n\t\t\t\t<div class=\"ocso-bg-black ocso-inner stack ocso-text-white\">\n\t\t\t\t\t<h2 class=\"ocso-eyebrow ocso-text-red\">Ultra-Rugged<\/h2>\n\t\t\t\t\t<h1 class=\"ocso-header-1\">Smart, rugged, and ready for anything.<\/h1>\n\t\t\t\t\t<p class=\"ocso-body-1\"> \n\t\t\t\t\t\t<span class=\"ocso-em\">Today, the connections we make are only as good as the devices upon which we make them.<\/span> Sonim mobile devices are ultra-rugged, engineered to withstand the most extreme conditions and built to share life\u2019s greatest experiences seamlessly and reliably. \t\t\t\t\t\t\n\t\t\t\t\t<\/p>\n\t\t\t\t<\/div>\n\t\t\t<\/div>\n\t\t<\/section>\n\n\n\n<div class=\"wp-block-columns ocso-bg-black ocso-max-w-7xl eplus-wrapper has-white-color has-black-background-color has-text-color has-background has-link-color wp-elements-0736af3ac555cac4cd446de780dfe7fb is-layout-flex wp-container-core-columns-is-layout-9d6595d7 wp-block-columns-is-layout-flex\">\n<div class=\"wp-block-column .ocso-w-100-flex is-layout-flow wp-block-column-is-layout-flow\">\n<div class=\"wp-block-group eplus-wrapper is-content-justification-center is-nowrap is-layout-flex wp-container-core-group-is-layout-94bc23d7 wp-block-group-is-layout-flex\">\n<figure class=\"wp-block-image size-full .ocso-w-100\"><a href=\"https:\/\/www.sonim.de\/en\/product\/sonim-xp-pro-thermal\/\"><img loading=\"lazy\" decoding=\"async\" width=\"320\" height=\"600\" src=\"https:\/\/www.sonim.de\/wp-content\/uploads\/2025\/11\/XPproThermalFront.webp\" alt=\"\" class=\"wp-image-4401\" srcset=\"https:\/\/www.sonim.de\/wp-content\/uploads\/2025\/11\/XPproThermalFront.webp 320w, https:\/\/www.sonim.de\/wp-content\/uploads\/2025\/11\/XPproThermalFront-160x300.webp 160w, https:\/\/www.sonim.de\/wp-content\/uploads\/2025\/11\/XPproThermalFront-6x12.webp 6w\" sizes=\"auto, (max-width: 320px) 100vw, 320px\" \/><\/a><\/figure>\n\n\n\n<figure class=\"wp-block-image size-full .ocso-w-100\"><a href=\"https:\/\/www.sonim.de\/en\/product\/sonim-xp-pro-thermal\/\"><img loading=\"lazy\" decoding=\"async\" width=\"320\" height=\"600\" src=\"https:\/\/www.sonim.de\/wp-content\/uploads\/2025\/11\/XPproThermalBack.webp\" alt=\"\" class=\"wp-image-4400\" srcset=\"https:\/\/www.sonim.de\/wp-content\/uploads\/2025\/11\/XPproThermalBack.webp 320w, https:\/\/www.sonim.de\/wp-content\/uploads\/2025\/11\/XPproThermalBack-160x300.webp 160w, https:\/\/www.sonim.de\/wp-content\/uploads\/2025\/11\/XPproThermalBack-6x12.webp 6w\" sizes=\"auto, (max-width: 320px) 100vw, 320px\" \/><\/a><\/figure>\n<\/div>\n<\/div>\n\n\n\n<div class=\"wp-block-column ocso-max-w-lg eplus-wrapper is-layout-flow wp-block-column-is-layout-flow\">\n<div class=\"wp-block-group eplus-wrapper is-vertical is-layout-flex wp-container-core-group-is-layout-8cf370e7 wp-block-group-is-layout-flex\">\n<p class=\"ocso-eyebrow ocso-text-red eplus-wrapper\">XP Pro Thermal<\/p>\n\n\n\n<p class=\"ocso-header-2 eplus-wrapper\">See the invisible. <mark style=\"background-color:rgba(0, 0, 0, 0);color:#cf102d\" class=\"has-inline-color\">Master the impossible.<\/mark><\/p>\n\n\n\n<p class=\"ocso-body-2 eplus-wrapper has-white-color has-text-color has-link-color wp-elements-8b4e8272980b5b6bfee21557e45d9621\">Work smarter, safer, and faster with the Sonim XP Pro 5G Thermal \u2014 engineered for extreme conditions and equipped with integrated FLIR\u00ae thermal imaging. Whether you're in utilities, public safety, field service, or construction, this is your all-in-one mobile tool.<\/p>\n\n\n\n<div class=\"wp-block-buttons eplus-wrapper is-layout-flex wp-block-buttons-is-layout-flex\">\n<div class=\"wp-block-button is-style-fill eplus-wrapper\"><a class=\"wp-block-button__link has-background wp-element-button\" href=\"https:\/\/www.sonim.de\/en\/product\/sonim-xp-pro-thermal\/\" style=\"background-color:#cf102d\">Learn more<\/a><\/div>\n<\/div>\n<\/div>\n<\/div>\n<\/div>\n\n\n\n<div class=\"wp-block-columns ocso-bg-black ocso-max-w-7xl eplus-wrapper has-white-color has-black-background-color has-text-color has-background has-link-color wp-elements-8df6283bb89efa0d226495ab4097ad70 is-layout-flex wp-container-core-columns-is-layout-9d6595d7 wp-block-columns-is-layout-flex\">\n<div class=\"wp-block-column .ocso-w-100-flex is-layout-flow wp-block-column-is-layout-flow\">\n<div class=\"wp-block-group eplus-wrapper is-content-justification-center is-nowrap is-layout-flex wp-container-core-group-is-layout-94bc23d7 wp-block-group-is-layout-flex\">\n<figure class=\"wp-block-image size-full eplus-wrapper\"><a href=\"https:\/\/www.sonim.de\/en\/product\/sonim-xp10\/\"><img loading=\"lazy\" decoding=\"async\" width=\"418\" height=\"687\" src=\"https:\/\/www.sonim.de\/wp-content\/uploads\/2024\/01\/sonim-xp10_front.5663c83d.webp\" alt=\"\" class=\"wp-image-3495\" srcset=\"https:\/\/www.sonim.de\/wp-content\/uploads\/2024\/01\/sonim-xp10_front.5663c83d.webp 418w, https:\/\/www.sonim.de\/wp-content\/uploads\/2024\/01\/sonim-xp10_front.5663c83d-183x300.webp 183w\" sizes=\"auto, (max-width: 418px) 100vw, 418px\" \/><\/a><\/figure>\n\n\n\n<figure class=\"wp-block-image size-full eplus-wrapper\"><a href=\"https:\/\/www.sonim.de\/en\/product\/sonim-xp10\/\"><img loading=\"lazy\" decoding=\"async\" width=\"418\" height=\"687\" src=\"https:\/\/www.sonim.de\/wp-content\/uploads\/2024\/01\/sonim-xp10_back.43c32d81.webp\" alt=\"\" class=\"wp-image-3494\" srcset=\"https:\/\/www.sonim.de\/wp-content\/uploads\/2024\/01\/sonim-xp10_back.43c32d81.webp 418w, https:\/\/www.sonim.de\/wp-content\/uploads\/2024\/01\/sonim-xp10_back.43c32d81-183x300.webp 183w\" sizes=\"auto, (max-width: 418px) 100vw, 418px\" \/><\/a><\/figure>\n<\/div>\n<\/div>\n\n\n\n<div class=\"wp-block-column ocso-max-w-lg eplus-wrapper is-layout-flow wp-block-column-is-layout-flow\">\n<div class=\"wp-block-group eplus-wrapper is-vertical is-layout-flex wp-container-core-group-is-layout-8cf370e7 wp-block-group-is-layout-flex\">\n<p class=\"ocso-eyebrow ocso-text-red eplus-wrapper\">XP10<\/p>\n\n\n\n<p class=\"ocso-header-2 eplus-wrapper\">Where 5G performance <mark style=\"background-color:rgba(0, 0, 0, 0);color:#cf102d\" class=\"has-inline-color\">meets ultra-rugged design.<\/mark><\/p>\n\n\n\n<p class=\"ocso-body-2 eplus-wrapper has-white-color has-text-color has-link-color wp-elements-ee8b2506f61de2b9992768e91305edaa\">Rugged is only the beginning with the Sonim XP10. With 5G performance, you now have access to more speed and capabilities than ever before. Its larger, more intuitive screen and easy access push-to-talk make it easier than ever to stay informed and stay connected.<\/p>\n\n\n\n<div class=\"wp-block-buttons eplus-wrapper is-layout-flex wp-block-buttons-is-layout-flex\">\n<div class=\"wp-block-button is-style-fill eplus-wrapper\"><a class=\"wp-block-button__link has-background wp-element-button\" href=\"https:\/\/www.sonim.de\/en\/product\/sonim-xp10\/\" style=\"background-color:#cf102d\">Learn more<\/a><\/div>\n<\/div>\n<\/div>\n<\/div>\n<\/div>\n\n\n\n<div class=\"wp-block-columns ocso-bg-black ocso-max-w-7xl eplus-wrapper has-white-color has-black-background-color has-text-color has-background has-link-color wp-elements-3866f2631840468b30ec59c2ce3f70e0 is-layout-flex wp-container-core-columns-is-layout-9d6595d7 wp-block-columns-is-layout-flex\">\n<div class=\"wp-block-column .ocso-w-100-flex is-layout-flow wp-block-column-is-layout-flow\">\n<div class=\"wp-block-group eplus-wrapper is-content-justification-center is-nowrap is-layout-flex wp-container-core-group-is-layout-94bc23d7 wp-block-group-is-layout-flex\">\n<figure class=\"wp-block-image size-full eplus-wrapper\"><a href=\"https:\/\/www.sonim.de\/en\/product\/sonim-xp400\/\"><img loading=\"lazy\" decoding=\"async\" width=\"304\" height=\"622\" src=\"https:\/\/www.sonim.de\/wp-content\/uploads\/2025\/02\/xp400-front.webp\" alt=\"\" class=\"wp-image-4002\" srcset=\"https:\/\/www.sonim.de\/wp-content\/uploads\/2025\/02\/xp400-front.webp 304w, https:\/\/www.sonim.de\/wp-content\/uploads\/2025\/02\/xp400-front-147x300.webp 147w\" sizes=\"auto, (max-width: 304px) 100vw, 304px\" \/><\/a><\/figure>\n\n\n\n<figure class=\"wp-block-image size-full eplus-wrapper\"><a href=\"https:\/\/www.sonim.de\/en\/product\/sonim-xp400\/\"><img loading=\"lazy\" decoding=\"async\" width=\"304\" height=\"622\" src=\"https:\/\/www.sonim.de\/wp-content\/uploads\/2025\/02\/xp400-back.webp\" alt=\"\" class=\"wp-image-4001\" srcset=\"https:\/\/www.sonim.de\/wp-content\/uploads\/2025\/02\/xp400-back.webp 304w, https:\/\/www.sonim.de\/wp-content\/uploads\/2025\/02\/xp400-back-147x300.webp 147w\" sizes=\"auto, (max-width: 304px) 100vw, 304px\" \/><\/a><\/figure>\n<\/div>\n<\/div>\n\n\n\n<div class=\"wp-block-column ocso-max-w-lg eplus-wrapper is-layout-flow wp-block-column-is-layout-flow\">\n<div class=\"wp-block-group eplus-wrapper is-vertical is-layout-flex wp-container-core-group-is-layout-8cf370e7 wp-block-group-is-layout-flex\">\n<p class=\"ocso-eyebrow ocso-text-red eplus-wrapper\">XP400<\/p>\n\n\n\n<p class=\"ocso-header-2 eplus-wrapper\">One Phone <mark style=\"background-color:rgba(0, 0, 0, 0);color:#cf102d\" class=\"has-inline-color\">for every part of your day.<\/mark><\/p>\n\n\n\n<p class=\"ocso-body-2 eplus-wrapper has-white-color has-text-color has-link-color wp-elements-a83627729de5cd83b7ccb994cc30f076\">Because there\u2019s little difference between work, play and life, the Sonim XP400 is built to make a big difference.<\/p>\n\n\n\n<div class=\"wp-block-buttons eplus-wrapper is-layout-flex wp-block-buttons-is-layout-flex\">\n<div class=\"wp-block-button is-style-fill eplus-wrapper\"><a class=\"wp-block-button__link has-background wp-element-button\" href=\"https:\/\/www.sonim.de\/en\/product\/sonim-xp400\/\" style=\"background-color:#cf102d\">Learn more<\/a><\/div>\n<\/div>\n<\/div>\n<\/div>\n<\/div>\n\n\n\n<div class=\"wp-block-columns ocso-bg-black ocso-max-w-7xl eplus-wrapper has-white-color has-black-background-color has-text-color has-background has-link-color wp-elements-d33b83c64a574d8e198e64595513b11e is-layout-flex wp-container-core-columns-is-layout-9d6595d7 wp-block-columns-is-layout-flex\">\n<div class=\"wp-block-column .ocso-w-100-flex is-layout-flow wp-block-column-is-layout-flow\">\n<div class=\"wp-block-group eplus-wrapper is-content-justification-center is-nowrap is-layout-flex wp-container-core-group-is-layout-94bc23d7 wp-block-group-is-layout-flex\">\n<figure class=\"wp-block-image size-full eplus-wrapper\"><a href=\"https:\/\/www.sonim.de\/en\/product\/sonim-xp100\/\"><img loading=\"lazy\" decoding=\"async\" width=\"280\" height=\"610\" src=\"https:\/\/www.sonim.de\/wp-content\/uploads\/2025\/02\/xp100-front.webp\" alt=\"\" class=\"wp-image-4021\" srcset=\"https:\/\/www.sonim.de\/wp-content\/uploads\/2025\/02\/xp100-front.webp 280w, https:\/\/www.sonim.de\/wp-content\/uploads\/2025\/02\/xp100-front-138x300.webp 138w\" sizes=\"auto, (max-width: 280px) 100vw, 280px\" \/><\/a><\/figure>\n\n\n\n<figure class=\"wp-block-image size-full eplus-wrapper\"><a href=\"https:\/\/www.sonim.de\/en\/product\/sonim-xp100\/\"><img loading=\"lazy\" decoding=\"async\" width=\"304\" height=\"622\" src=\"https:\/\/www.sonim.de\/wp-content\/uploads\/2025\/02\/xp400-back-1.webp\" alt=\"\" class=\"wp-image-4022\" srcset=\"https:\/\/www.sonim.de\/wp-content\/uploads\/2025\/02\/xp400-back-1.webp 304w, https:\/\/www.sonim.de\/wp-content\/uploads\/2025\/02\/xp400-back-1-147x300.webp 147w\" sizes=\"auto, (max-width: 304px) 100vw, 304px\" \/><\/a><\/figure>\n<\/div>\n<\/div>\n\n\n\n<div class=\"wp-block-column ocso-max-w-lg eplus-wrapper is-layout-flow wp-block-column-is-layout-flow\">\n<div class=\"wp-block-group alignfull eplus-wrapper is-vertical is-layout-flex wp-container-core-group-is-layout-8cf370e7 wp-block-group-is-layout-flex\">\n<p class=\"ocso-eyebrow ocso-text-red eplus-wrapper\">XP100<\/p>\n\n\n\n<p class=\"ocso-header-2 eplus-wrapper\">Rugged design. Mighty performance. <mark style=\"background-color:rgba(0, 0, 0, 0);color:#cf102d\" class=\"has-inline-color\">Incredibly simple.<\/mark><\/p>\n\n\n\n<p class=\"ocso-body-2 eplus-wrapper has-white-color has-text-color has-link-color wp-elements-20294ec66072c70fbdc9381b80d19a04\">Explore the Sonim XP100, the mobile phone tough enough to meet every demand of your day.<\/p>\n\n\n\n<div class=\"wp-block-buttons eplus-wrapper is-layout-flex wp-block-buttons-is-layout-flex\">\n<div class=\"wp-block-button is-style-fill eplus-wrapper\"><a class=\"wp-block-button__link has-background wp-element-button\" href=\"https:\/\/www.sonim.de\/en\/product\/sonim-xp100\/\" style=\"background-color:#cf102d\">Learn more<\/a><\/div>\n<\/div>\n<\/div>\n<\/div>\n<\/div>\n\n\n\n<p class=\"eplus-wrapper\"><\/p>\n\n\n\n<p class=\"eplus-wrapper\"><\/p>","protected":false},"excerpt":{"rendered":"<p>Ultra-robust Intelligent, robust und f\u00fcr alles bereit. Heutzutage sind die Verbindungen, die wir herstellen, nur so gut wie die Ger\u00e4te, mit denen wir sie herstellen. Die mobilen Ger\u00e4te von Sonim sind ultra-robust, halten selbst den extremsten Bedingungen stand und sind darauf ausgelegt, die sch\u00f6nsten Erlebnisse des Lebens nahtlos und zuverl\u00e4ssig zu teilen. XP Pro Thermal [&hellip;]<\/p>\n","protected":false},"author":3,"featured_media":0,"parent":0,"menu_order":0,"comment_status":"closed","ping_status":"closed","template":"","meta":{"ocean_post_layout":"full-screen","ocean_both_sidebars_style":"","ocean_both_sidebars_content_width":0,"ocean_both_sidebars_sidebars_width":0,"ocean_sidebar":"ocs-empty","ocean_second_sidebar":"","ocean_disable_margins":"enable","ocean_add_body_class":"ocso-bg-black","ocean_shortcode_before_top_bar":"","ocean_shortcode_after_top_bar":"","ocean_shortcode_before_header":"","ocean_shortcode_after_header":"","ocean_has_shortcode":"","ocean_shortcode_after_title":"","ocean_shortcode_before_footer_widgets":"","ocean_shortcode_after_footer_widgets":"","ocean_shortcode_before_footer_bottom":"","ocean_shortcode_after_footer_bottom":"","ocean_display_top_bar":"default","ocean_display_header":"default","ocean_header_style":"","ocean_center_header_left_menu":"","ocean_custom_header_template":"","ocean_custom_logo":0,"ocean_custom_retina_logo":0,"ocean_custom_logo_max_width":0,"ocean_custom_logo_tablet_max_width":0,"ocean_custom_logo_mobile_max_width":0,"ocean_custom_logo_max_height":0,"ocean_custom_logo_tablet_max_height":0,"ocean_custom_logo_mobile_max_height":0,"ocean_header_custom_menu":"","ocean_menu_typo_font_family":"","ocean_menu_typo_font_subset":"","ocean_menu_typo_font_size":0,"ocean_menu_typo_font_size_tablet":0,"ocean_menu_typo_font_size_mobile":0,"ocean_menu_typo_font_size_unit":"px","ocean_menu_typo_font_weight":"","ocean_menu_typo_font_weight_tablet":"","ocean_menu_typo_font_weight_mobile":"","ocean_menu_typo_transform":"","ocean_menu_typo_transform_tablet":"","ocean_menu_typo_transform_mobile":"","ocean_menu_typo_line_height":0,"ocean_menu_typo_line_height_tablet":0,"ocean_menu_typo_line_height_mobile":0,"ocean_menu_typo_line_height_unit":"","ocean_menu_typo_spacing":0,"ocean_menu_typo_spacing_tablet":0,"ocean_menu_typo_spacing_mobile":0,"ocean_menu_typo_spacing_unit":"","ocean_menu_link_color":"","ocean_menu_link_color_hover":"","ocean_menu_link_color_active":"","ocean_menu_link_background":"","ocean_menu_link_hover_background":"","ocean_menu_link_active_background":"","ocean_menu_social_links_bg":"","ocean_menu_social_hover_links_bg":"","ocean_menu_social_links_color":"","ocean_menu_social_hover_links_color":"","ocean_disable_title":"default","ocean_disable_heading":"default","ocean_post_title":"","ocean_post_subheading":"","ocean_post_title_style":"","ocean_post_title_background_color":"","ocean_post_title_background":0,"ocean_post_title_bg_image_position":"","ocean_post_title_bg_image_attachment":"","ocean_post_title_bg_image_repeat":"","ocean_post_title_bg_image_size":"","ocean_post_title_height":0,"ocean_post_title_bg_overlay":0.5,"ocean_post_title_bg_overlay_color":"","ocean_disable_breadcrumbs":"default","ocean_breadcrumbs_color":"","ocean_breadcrumbs_separator_color":"","ocean_breadcrumbs_links_color":"","ocean_breadcrumbs_links_hover_color":"","ocean_display_footer_widgets":"default","ocean_display_footer_bottom":"default","ocean_custom_footer_template":"","footnotes":""},"class_list":["post-3952","page","type-page","status-publish","hentry","entry","owp-thumbs-layout-horizontal","owp-btn-normal","owp-tabs-layout-horizontal","has-no-thumbnails"],"_links":{"self":[{"href":"https:\/\/www.sonim.de\/en\/wp-json\/wp\/v2\/pages\/3952","targetHints":{"allow":["GET"]}}],"collection":[{"href":"https:\/\/www.sonim.de\/en\/wp-json\/wp\/v2\/pages"}],"about":[{"href":"https:\/\/www.sonim.de\/en\/wp-json\/wp\/v2\/types\/page"}],"author":[{"embeddable":true,"href":"https:\/\/www.sonim.de\/en\/wp-json\/wp\/v2\/users\/3"}],"replies":[{"embeddable":true,"href":"https:\/\/www.sonim.de\/en\/wp-json\/wp\/v2\/comments?post=3952"}],"version-history":[{"count":54,"href":"https:\/\/www.sonim.de\/en\/wp-json\/wp\/v2\/pages\/3952\/revisions"}],"predecessor-version":[{"id":4427,"href":"https:\/\/www.sonim.de\/en\/wp-json\/wp\/v2\/pages\/3952\/revisions\/4427"}],"wp:attachment":[{"href":"https:\/\/www.sonim.de\/en\/wp-json\/wp\/v2\/media?parent=3952"}],"curies":[{"name":"wp","href":"https:\/\/api.w.org\/{rel}","templated":true}]}}